{"id":2,"date":"2016-05-10T03:48:21","date_gmt":"2016-05-10T03:48:21","guid":{"rendered":"http:\/\/www.sudamericaenergy.com.ar\/?page_id=2"},"modified":"2022-09-27T00:37:39","modified_gmt":"2022-09-27T00:37:39","slug":"sample-page","status":"publish","type":"page","link":"https:\/\/www.sudamericaenergy.com.ar\/?page_id=2","title":{"rendered":"\u00c1REAS"},"content":{"rendered":"<div data-colibri-id=\"2-c1\" class=\"style-219 style-local-2-c1 position-relative\">\n  <!---->\n  <div data-colibri-component=\"section\" data-colibri-id=\"2-c2\" id=\"features\" class=\"h-section h-section-global-spacing d-flex align-items-lg-center align-items-md-center align-items-center style-432 style-local-2-c2 position-relative\">\n    <!---->\n    <!---->\n    <div class=\"h-section-grid-container h-section-boxed-container\">\n      <div data-colibri-id=\"2-c29\" class=\"h-row-container gutters-row-lg-2 gutters-row-md-2 gutters-row-0 gutters-row-v-lg-2 gutters-row-v-md-2 gutters-row-v-2 style-442 style-local-2-c29 position-relative\">\n        <!---->\n        <div class=\"h-row justify-content-lg-center justify-content-md-center justify-content-center align-items-lg-stretch align-items-md-stretch align-items-stretch gutters-col-lg-2 gutters-col-md-2 gutters-col-0 gutters-col-v-lg-2 gutters-col-v-md-2 gutters-col-v-2\">\n          <!---->\n          <div class=\"h-column h-column-container d-flex h-col-lg-auto h-col-md-auto h-col-auto style-443-outer style-local-2-c30-outer\">\n            <div data-colibri-id=\"2-c30\" class=\"d-flex h-flex-basis h-column__inner h-px-lg-2 h-px-md-2 h-px-2 v-inner-lg-2 v-inner-md-2 v-inner-2 style-443 style-local-2-c30 position-relative\">\n              <!---->\n              <!---->\n              <div class=\"w-100 h-y-container h-column__content h-column__v-align flex-basis-100 align-self-lg-start align-self-md-start align-self-start\">\n                <!---->\n                <div data-colibri-id=\"2-c31\" class=\"h-global-transition-all h-heading style-444 style-local-2-c31 position-relative h-element\">\n                  <!---->\n                  <div class=\"h-heading__outer style-444 style-local-2-c31\">\n                    <!---->\n                    <!---->\n                    <h2 class=\"\">SAE &#8211; una empresa que se adapta a las necesidades<\/h2>\n                  <\/div>\n                <\/div>\n                <div data-colibri-id=\"2-c32\" class=\"h-lead h-text h-text-component style-445 style-local-2-c32 position-relative h-element\">\n                  <!---->\n                  <!---->\n                  <div class=\"\">\n                    <p>Somos una empresa que est\u00e1 a la vanguardia y las necesidades de la industria del OIL &amp; Gas<\/p>\n                  <\/div>\n                <\/div>\n              <\/div>\n            <\/div>\n          <\/div>\n        <\/div>\n      <\/div>\n      <div data-colibri-id=\"2-c3\" class=\"h-row-container gutters-row-lg-2 gutters-row-md-2 gutters-row-2 gutters-row-v-lg-2 gutters-row-v-md-2 gutters-row-v-2 style-433 style-local-2-c3 position-relative\">\n        <!---->\n        <div class=\"h-row justify-content-lg-center justify-content-md-center justify-content-center align-items-lg-stretch align-items-md-stretch align-items-stretch gutters-col-lg-2 gutters-col-md-2 gutters-col-2 gutters-col-v-lg-2 gutters-col-v-md-2 gutters-col-v-2\">\n          <!---->\n          <div class=\"h-column h-column-container d-flex h-col-lg-4 h-col-md-6 h-col-12 style-434-outer style-local-2-c4-outer\">\n            <div data-colibri-id=\"2-c4\" class=\"d-flex h-flex-basis h-column__inner h-px-lg-0 h-px-md-0 h-px-0 v-inner-lg-0 v-inner-md-0 v-inner-0 style-434 style-local-2-c4 position-relative\">\n              <!---->\n              <!---->\n              <div class=\"w-100 h-y-container h-column__content h-column__v-align flex-basis-100 align-self-lg-start align-self-md-start align-self-start\">\n                <!---->\n                <div data-colibri-id=\"2-c5\" class=\"d-block style-435 style-local-2-c5 position-relative h-element\">\n                  <!---->\n                  <div class=\"h-image__frame-container-outer\">\n                    <div class=\"h-image__frame-container\">\n                      <!---->\n                      <!---->\n                      <img loading=\"lazy\" width=\"438\" height=\"438\" src=\"http:\/\/www.sudamericaenergy.com.ar\/wp-content\/uploads\/2022\/09\/cropped-eor-manantiales-behrjpg.webp\" class=\"wp-image-559 style-435-image style-local-2-c5-image\" srcset=\"https:\/\/www.sudamericaenergy.com.ar\/wp-content\/uploads\/2022\/09\/cropped-eor-manantiales-behrjpg.webp 438w, https:\/\/www.sudamericaenergy.com.ar\/wp-content\/uploads\/2022\/09\/cropped-eor-manantiales-behrjpg-300x300.webp 300w, https:\/\/www.sudamericaenergy.com.ar\/wp-content\/uploads\/2022\/09\/cropped-eor-manantiales-behrjpg-150x150.webp 150w\" sizes=\"(max-width: 438px) 100vw, 438px\" alt=\"\" \/>\n                      <div class=\"h-image__frame h-hide-lg h-hide-md h-hide-sm style-435-frameImage style-local-2-c5-frameImage\"><\/div>\n                    <\/div>\n                  <\/div>\n                <\/div>\n                <div data-colibri-id=\"2-c6\" class=\"h-row-container gutters-row-lg-0 gutters-row-md-0 gutters-row-2 gutters-row-v-lg-0 gutters-row-v-md-0 gutters-row-v-2 style-436 style-local-2-c6 position-relative\">\n                  <!---->\n                  <div class=\"h-row justify-content-lg-center justify-content-md-center justify-content-center align-items-lg-stretch align-items-md-stretch align-items-stretch gutters-col-lg-0 gutters-col-md-0 gutters-col-2 gutters-col-v-lg-0 gutters-col-v-md-0 gutters-col-v-2\">\n                    <!---->\n                    <div class=\"h-column h-column-container d-flex h-col-lg-auto h-col-md-auto h-col-auto style-437-outer style-local-2-c7-outer\">\n                      <div data-colibri-id=\"2-c7\" class=\"d-flex h-flex-basis h-column__inner h-px-lg-2 h-px-md-3 h-px-2 v-inner-lg-2 v-inner-md-3 v-inner-2 style-437 style-local-2-c7 position-relative\">\n                        <!---->\n                        <!---->\n                        <div class=\"w-100 h-y-container h-column__content h-column__v-align flex-basis-100 align-self-lg-start align-self-md-start align-self-start\">\n                          <!---->\n                          <div data-colibri-id=\"2-c8\" class=\"h-global-transition-all h-heading style-438 style-local-2-c8 position-relative h-element\">\n                            <!---->\n                            <div class=\"h-heading__outer style-438 style-local-2-c8\">\n                              <!---->\n                              <!---->\n                              <h4 class=\"\">Plantas<\/h4>\n                            <\/div>\n                          <\/div>\n                          <div data-colibri-id=\"2-c9\" class=\"h-text h-text-component style-439 style-local-2-c9 position-relative h-element\">\n                            <!---->\n                            <!---->\n                            <div class=\"\">\n                              <p>Dise\u00f1o, construcci\u00f3n y montaje de estaciones&nbsp;de bombeo y&nbsp;plantas de almacenamiento. instalaci\u00f3n de equipos&nbsp;de&nbsp;&nbsp;bombeo,&nbsp;compresores intercambiadores de calor.<\/p>\n                            <\/div>\n                          <\/div>\n                        <\/div>\n                      <\/div>\n                    <\/div>\n                  <\/div>\n                <\/div>\n              <\/div>\n            <\/div>\n          <\/div>\n          <div class=\"h-column h-column-container d-flex h-col-lg-4 h-col-md-6 h-col-12 style-434-outer style-local-2-c10-outer\">\n            <div data-colibri-id=\"2-c10\" class=\"d-flex h-flex-basis h-column__inner h-px-lg-0 h-px-md-0 h-px-0 v-inner-lg-0 v-inner-md-0 v-inner-0 style-434 style-local-2-c10 position-relative\">\n              <!---->\n              <!---->\n              <div class=\"w-100 h-y-container h-column__content h-column__v-align flex-basis-100 align-self-lg-start align-self-md-start align-self-start\">\n                <!---->\n                <div data-colibri-id=\"2-c11\" class=\"d-block style-435 style-local-2-c11 position-relative h-element\">\n                  <!---->\n                  <div class=\"h-image__frame-container-outer\">\n                    <div class=\"h-image__frame-container\">\n                      <!---->\n                      <!---->\n                      <img loading=\"lazy\" width=\"693\" height=\"693\" src=\"http:\/\/www.sudamericaenergy.com.ar\/wp-content\/uploads\/2022\/09\/cropped-cropped-WhatsApp-Image-2022-09-19-at-8.06.39-PM.jpeg\" class=\"wp-image-698 style-435-image style-local-2-c11-image\" srcset=\"https:\/\/www.sudamericaenergy.com.ar\/wp-content\/uploads\/2022\/09\/cropped-cropped-WhatsApp-Image-2022-09-19-at-8.06.39-PM.jpeg 693w, https:\/\/www.sudamericaenergy.com.ar\/wp-content\/uploads\/2022\/09\/cropped-cropped-WhatsApp-Image-2022-09-19-at-8.06.39-PM-300x300.jpeg 300w, https:\/\/www.sudamericaenergy.com.ar\/wp-content\/uploads\/2022\/09\/cropped-cropped-WhatsApp-Image-2022-09-19-at-8.06.39-PM-150x150.jpeg 150w\" sizes=\"(max-width: 693px) 100vw, 693px\" alt=\"\" \/>\n                      <div class=\"h-image__frame h-hide-lg h-hide-md h-hide-sm style-435-frameImage style-local-2-c11-frameImage\"><\/div>\n                    <\/div>\n                  <\/div>\n                <\/div>\n                <div data-colibri-id=\"2-c12\" class=\"h-row-container gutters-row-lg-0 gutters-row-md-0 gutters-row-2 gutters-row-v-lg-0 gutters-row-v-md-0 gutters-row-v-2 style-436 style-local-2-c12 position-relative\">\n                  <!---->\n                  <div class=\"h-row justify-content-lg-center justify-content-md-center justify-content-center align-items-lg-stretch align-items-md-stretch align-items-stretch gutters-col-lg-0 gutters-col-md-0 gutters-col-2 gutters-col-v-lg-0 gutters-col-v-md-0 gutters-col-v-2\">\n                    <!---->\n                    <div class=\"h-column h-column-container d-flex h-col-lg-auto h-col-md-auto h-col-auto style-437-outer style-local-2-c13-outer\">\n                      <div data-colibri-id=\"2-c13\" class=\"d-flex h-flex-basis h-column__inner h-px-lg-2 h-px-md-3 h-px-2 v-inner-lg-2 v-inner-md-3 v-inner-2 style-437 style-local-2-c13 position-relative\">\n                        <!---->\n                        <!---->\n                        <div class=\"w-100 h-y-container h-column__content h-column__v-align flex-basis-100 align-self-lg-start align-self-md-start align-self-start\">\n                          <!---->\n                          <div data-colibri-id=\"2-c14\" class=\"h-global-transition-all h-heading style-438 style-local-2-c14 position-relative h-element\">\n                            <!---->\n                            <div class=\"h-heading__outer style-438 style-local-2-c14\">\n                              <!---->\n                              <!---->\n                              <h4 class=\"\">Tuber\u00edas-Piping<\/h4>\n                            <\/div>\n                          <\/div>\n                          <div data-colibri-id=\"2-c15\" class=\"h-text h-text-component style-439 style-local-2-c15 position-relative h-element\">\n                            <!---->\n                            <!---->\n                            <div class=\"\">\n                              <p><span style=\"color: rgb(105, 108, 119); font-family: &quot;Open Sans&quot;; font-size: 16px; font-weight: 400;\">Tendido e instalaci\u00f3n de tuber\u00edas en campo de ACERO, acero pintado interior, ERFY,PEAD. instalaci\u00f3n de tuber\u00edas de proceso en pantas.<span class=\"ql-cursor\">\ufeff<\/span><\/span>\n                              <\/p>\n                              <p><span style=\"color: rgb(105, 108, 119); font-family: &quot;Open Sans&quot;; font-size: 16px; font-weight: 400;\">&nbsp;<\/span><\/p>\n                            <\/div>\n                          <\/div>\n                        <\/div>\n                      <\/div>\n                    <\/div>\n                  <\/div>\n                <\/div>\n              <\/div>\n            <\/div>\n          <\/div>\n          <div class=\"h-column h-column-container d-flex h-col-lg-4 h-col-md-6 h-col-12 style-434-outer style-local-2-c16-outer\">\n            <div data-colibri-id=\"2-c16\" class=\"d-flex h-flex-basis h-column__inner h-px-lg-0 h-px-md-0 h-px-0 v-inner-lg-0 v-inner-md-0 v-inner-0 style-434 style-local-2-c16 position-relative\">\n              <!---->\n              <!---->\n              <div class=\"w-100 h-y-container h-column__content h-column__v-align flex-basis-100 align-self-lg-start align-self-md-start align-self-start\">\n                <!---->\n                <div data-colibri-id=\"2-c17\" class=\"d-block style-435 style-local-2-c17 position-relative h-element\">\n                  <!---->\n                  <div class=\"h-image__frame-container-outer\">\n                    <div class=\"h-image__frame-container\">\n                      <!---->\n                      <!---->\n                      <img loading=\"lazy\" width=\"1280\" height=\"1280\" src=\"http:\/\/www.sudamericaenergy.com.ar\/wp-content\/uploads\/2022\/09\/cropped-WhatsApp-Image-2022-09-19-at-8.06.40-PM.jpeg\" class=\"wp-image-782 style-435-image style-local-2-c17-image\" srcset=\"https:\/\/www.sudamericaenergy.com.ar\/wp-content\/uploads\/2022\/09\/cropped-WhatsApp-Image-2022-09-19-at-8.06.40-PM.jpeg 1280w, https:\/\/www.sudamericaenergy.com.ar\/wp-content\/uploads\/2022\/09\/cropped-WhatsApp-Image-2022-09-19-at-8.06.40-PM-300x300.jpeg 300w, https:\/\/www.sudamericaenergy.com.ar\/wp-content\/uploads\/2022\/09\/cropped-WhatsApp-Image-2022-09-19-at-8.06.40-PM-1024x1024.jpeg 1024w, https:\/\/www.sudamericaenergy.com.ar\/wp-content\/uploads\/2022\/09\/cropped-WhatsApp-Image-2022-09-19-at-8.06.40-PM-150x150.jpeg 150w, https:\/\/www.sudamericaenergy.com.ar\/wp-content\/uploads\/2022\/09\/cropped-WhatsApp-Image-2022-09-19-at-8.06.40-PM-768x768.jpeg 768w\" sizes=\"(max-width: 1280px) 100vw, 1280px\" alt=\"\" \/>\n                      <div class=\"h-image__frame h-hide-lg h-hide-md h-hide-sm style-435-frameImage style-local-2-c17-frameImage\"><\/div>\n                    <\/div>\n                  <\/div>\n                <\/div>\n                <div data-colibri-id=\"2-c18\" class=\"h-row-container gutters-row-lg-0 gutters-row-md-0 gutters-row-2 gutters-row-v-lg-0 gutters-row-v-md-0 gutters-row-v-2 style-436 style-local-2-c18 position-relative\">\n                  <!---->\n                  <div class=\"h-row justify-content-lg-center justify-content-md-center justify-content-center align-items-lg-stretch align-items-md-stretch align-items-stretch gutters-col-lg-0 gutters-col-md-0 gutters-col-2 gutters-col-v-lg-0 gutters-col-v-md-0 gutters-col-v-2\">\n                    <!---->\n                    <div class=\"h-column h-column-container d-flex h-col-lg-auto h-col-md-auto h-col-auto style-437-outer style-local-2-c19-outer\">\n                      <div data-colibri-id=\"2-c19\" class=\"d-flex h-flex-basis h-column__inner h-px-lg-2 h-px-md-3 h-px-2 v-inner-lg-2 v-inner-md-3 v-inner-2 style-437 style-local-2-c19 position-relative\">\n                        <!---->\n                        <!---->\n                        <div class=\"w-100 h-y-container h-column__content h-column__v-align flex-basis-100 align-self-lg-start align-self-md-start align-self-start\">\n                          <!---->\n                          <div data-colibri-id=\"2-c20\" class=\"h-global-transition-all h-heading style-438 style-local-2-c20 position-relative h-element\">\n                            <!---->\n                            <div class=\"h-heading__outer style-438 style-local-2-c20\">\n                              <!---->\n                              <!---->\n                              <h4 class=\"\">Operaci\u00f3n<\/h4>\n                            <\/div>\n                          <\/div>\n                          <div data-colibri-id=\"2-c21\" class=\"h-text h-text-component style-439 style-local-2-c21 position-relative h-element\">\n                            <!---->\n                            <!---->\n                            <div class=\"\">\n                              <ul>\n                                <li>Servicio de operaci\u00f3n de campos productores de hidrocarburos.<\/li>\n                                <li>Servicio de operaci\u00f3n de estaciones de bombeo y compresi\u00f3n&nbsp;<\/li>\n                              <\/ul>\n                              <p>\n                                <br>\n                              <\/p>\n                            <\/div>\n                          <\/div>\n                        <\/div>\n                      <\/div>\n                    <\/div>\n                  <\/div>\n                <\/div>\n              <\/div>\n            <\/div>\n          <\/div>\n        <\/div>\n      <\/div>\n      <div data-colibri-id=\"2-c22\" class=\"h-row-container gutters-row-lg-2 gutters-row-md-2 gutters-row-0 gutters-row-v-lg-2 gutters-row-v-md-2 gutters-row-v-2 style-448 style-local-2-c22 position-relative\">\n        <!---->\n        <div class=\"h-row justify-content-lg-center justify-content-md-center justify-content-center align-items-lg-stretch align-items-md-stretch align-items-stretch gutters-col-lg-2 gutters-col-md-2 gutters-col-0 gutters-col-v-lg-2 gutters-col-v-md-2 gutters-col-v-2\">\n          <!---->\n          <div class=\"h-column h-column-container d-flex h-col-lg-auto h-col-md-auto h-col-auto style-449-outer style-local-2-c23-outer\">\n            <div data-colibri-id=\"2-c23\" class=\"d-flex h-flex-basis h-column__inner h-px-lg-2 h-px-md-2 h-px-2 v-inner-lg-2 v-inner-md-2 v-inner-2 style-449 style-local-2-c23 position-relative\">\n              <!---->\n              <!---->\n              <div class=\"w-100 h-y-container h-column__content h-column__v-align flex-basis-100 align-self-lg-start align-self-md-start align-self-start\">\n                <!---->\n                <div data-colibri-id=\"2-c24\" class=\"h-row-container gutters-row-lg-2 gutters-row-md-2 gutters-row-0 gutters-row-v-lg-2 gutters-row-v-md-2 gutters-row-v-2 style-451 style-local-2-c24 position-relative\">\n                  <!---->\n                  <div class=\"h-row justify-content-lg-center justify-content-md-center justify-content-center align-items-lg-stretch align-items-md-stretch align-items-stretch gutters-col-lg-2 gutters-col-md-2 gutters-col-0 gutters-col-v-lg-2 gutters-col-v-md-2 gutters-col-v-2\">\n                    <!---->\n                    <div class=\"h-column h-column-container d-flex h-col-lg-auto h-col-md-auto h-col-auto style-452-outer style-local-2-c25-outer\">\n                      <div data-colibri-id=\"2-c25\" class=\"d-flex h-flex-basis h-column__inner h-px-lg-2 h-px-md-2 h-px-2 v-inner-lg-2 v-inner-md-2 v-inner-2 style-452 style-local-2-c25 position-relative\">\n                        <!---->\n                        <!---->\n                        <div class=\"w-100 h-y-container h-column__content h-column__v-align flex-basis-100 align-self-lg-start align-self-md-start align-self-start\">\n                          <!---->\n                          <div data-colibri-id=\"2-c26\" class=\"h-text h-text-component style-462 style-local-2-c26 position-relative h-element\">\n                            <!---->\n                            <!---->\n                            <div class=\"\">\n                              <h4><strong style=\"color: rgb(255, 0, 0);\"><span>Soluciones integrales: Obras y Servicios<\/span><\/strong><\/h4>\n                              <p><span>La variedad de servicios brindados por SAE Argentina ha generado un antecedente de obras y servicios de destacada calidad y especializaci\u00f3n. Los resultados obtenidos en nuestras operaciones son el motor del crecimiento de la compa\u00f1\u00eda. Por eso, en funci\u00f3n de obtener el m\u00e1ximo rendimiento de su inversi\u00f3n en operaciones de petr\u00f3leo, gas y miner\u00eda, SAE Argentina ofrece un amplio abanico de soluciones asegurando el \u00e9xito y ha confiabilidad del cliente en has operaciones referidas<\/span><\/p>\n                              <p>\n                                <br>\n                              <\/p>\n                              <h4><strong style=\"color: rgb(255, 0, 0);\">Mantenimiento de instalaciones<\/strong><\/h4>\n                              <p>Mantenimiento general de instalaciones de superficies y ductos.&nbsp;&nbsp;<\/p>\n                              <p>\n                                <br>\n                              <\/p>\n                            <\/div>\n                          <\/div>\n                        <\/div>\n                      <\/div>\n                    <\/div>\n                    <div class=\"h-column h-column-container d-flex h-col-lg-auto h-col-md-auto h-col-auto style-453-outer style-local-2-c27-outer\">\n                      <div data-colibri-id=\"2-c27\" class=\"d-flex h-flex-basis h-column__inner h-px-lg-2 h-px-md-2 h-px-2 v-inner-lg-2 v-inner-md-2 v-inner-2 style-453 style-local-2-c27 position-relative\">\n                        <!---->\n                        <!---->\n                        <div class=\"w-100 h-y-container h-column__content h-column__v-align flex-basis-100 align-self-lg-start align-self-md-start align-self-start\">\n                          <!---->\n                          <div data-colibri-id=\"2-c28\" class=\"d-block style-460 style-local-2-c28 position-relative h-element\">\n                            <!---->\n                            <div class=\"h-image__frame-container-outer\">\n                              <div class=\"h-image__frame-container\">\n                                <!---->\n                                <!---->\n                                <img loading=\"lazy\" width=\"2048\" height=\"1152\" src=\"http:\/\/www.sudamericaenergy.com.ar\/wp-content\/uploads\/2022\/09\/20190123_121027.jpg\" class=\"wp-image-699 style-460-image style-local-2-c28-image\" srcset=\"https:\/\/www.sudamericaenergy.com.ar\/wp-content\/uploads\/2022\/09\/20190123_121027.jpg 2048w, https:\/\/www.sudamericaenergy.com.ar\/wp-content\/uploads\/2022\/09\/20190123_121027-300x169.jpg 300w, https:\/\/www.sudamericaenergy.com.ar\/wp-content\/uploads\/2022\/09\/20190123_121027-1024x576.jpg 1024w, https:\/\/www.sudamericaenergy.com.ar\/wp-content\/uploads\/2022\/09\/20190123_121027-768x432.jpg 768w, https:\/\/www.sudamericaenergy.com.ar\/wp-content\/uploads\/2022\/09\/20190123_121027-1536x864.jpg 1536w\" sizes=\"(max-width: 2048px) 100vw, 2048px\" alt=\"\" \/>\n                                <div class=\"h-image__frame h-hide-lg h-hide-md h-hide-sm style-460-frameImage style-local-2-c28-frameImage\"><\/div>\n                              <\/div>\n                            <\/div>\n                          <\/div>\n                        <\/div>\n                      <\/div>\n                    <\/div>\n                  <\/div>\n                <\/div>\n              <\/div>\n            <\/div>\n          <\/div>\n        <\/div>\n      <\/div>\n    <\/div>\n  <\/div>\n<\/div>","protected":false},"excerpt":{"rendered":"<p>SAE &#8211; una empresa que se adapta a las necesidades Somos una empresa que est\u00e1 a la vanguardia y las necesidades de la industria del OIL &amp; Gas Plantas Dise\u00f1o, construcci\u00f3n y montaje de estaciones&nbsp;de bombeo y&nbsp;plantas de almacenamiento. instalaci\u00f3n de equipos&nbsp;de&nbsp;&nbsp;bombeo,&nbsp;compresores intercambiadores de calor. Tuber\u00edas-Piping Tendido e instalaci\u00f3n de tuber\u00edas en campo de ACERO, [&hellip;]<\/p>\n","protected":false},"author":1,"featured_media":0,"parent":0,"menu_order":0,"comment_status":"closed","ping_status":"open","template":"page-templates\/full-width-page.php","meta":[],"_links":{"self":[{"href":"https:\/\/www.sudamericaenergy.com.ar\/index.php?rest_route=\/wp\/v2\/pages\/2"}],"collection":[{"href":"https:\/\/www.sudamericaenergy.com.ar\/index.php?rest_route=\/wp\/v2\/pages"}],"about":[{"href":"https:\/\/www.sudamericaenergy.com.ar\/index.php?rest_route=\/wp\/v2\/types\/page"}],"author":[{"embeddable":true,"href":"https:\/\/www.sudamericaenergy.com.ar\/index.php?rest_route=\/wp\/v2\/users\/1"}],"replies":[{"embeddable":true,"href":"https:\/\/www.sudamericaenergy.com.ar\/index.php?rest_route=%2Fwp%2Fv2%2Fcomments&post=2"}],"version-history":[{"count":12,"href":"https:\/\/www.sudamericaenergy.com.ar\/index.php?rest_route=\/wp\/v2\/pages\/2\/revisions"}],"predecessor-version":[{"id":806,"href":"https:\/\/www.sudamericaenergy.com.ar\/index.php?rest_route=\/wp\/v2\/pages\/2\/revisions\/806"}],"wp:attachment":[{"href":"https:\/\/www.sudamericaenergy.com.ar\/index.php?rest_route=%2Fwp%2Fv2%2Fmedia&parent=2"}],"curies":[{"name":"wp","href":"https:\/\/api.w.org\/{rel}","templated":true}]}}