{"id":160,"date":"2022-09-25T16:19:54","date_gmt":"2022-09-25T16:19:54","guid":{"rendered":"http:\/\/www.sudamericaenergy.com.ar\/?page_id=160"},"modified":"2022-09-27T00:51:39","modified_gmt":"2022-09-27T00:51:39","slug":"polimeros","status":"publish","type":"page","link":"https:\/\/www.sudamericaenergy.com.ar\/?page_id=160","title":{"rendered":"Pol\u00edmeros"},"content":{"rendered":"<div data-colibri-id=\"160-c1\" class=\"style-275 style-local-160-c1 position-relative\">\r\n  <!---->\r\n  <div data-colibri-component=\"section\" data-colibri-id=\"160-c2\" id=\"custom\" class=\"h-section h-section-global-spacing d-flex align-items-lg-center align-items-md-center align-items-center style-318 style-local-160-c2 position-relative\">\r\n    <!---->\r\n    <!---->\r\n    <div class=\"h-section-grid-container h-section-boxed-container\">\r\n      <!---->\r\n      <div data-colibri-id=\"160-c3\" class=\"h-row-container gutters-row-lg-2 gutters-row-md-2 gutters-row-0 gutters-row-v-lg-2 gutters-row-v-md-2 gutters-row-v-2 style-319 style-local-160-c3 position-relative\">\r\n        <!---->\r\n        <div class=\"h-row justify-content-lg-center justify-content-md-center justify-content-center align-items-lg-stretch align-items-md-stretch align-items-stretch gutters-col-lg-2 gutters-col-md-2 gutters-col-0 gutters-col-v-lg-2 gutters-col-v-md-2 gutters-col-v-2\">\r\n          <!---->\r\n          <div class=\"h-column h-column-container d-flex h-col-lg-auto h-col-md-auto h-col-auto style-320-outer style-local-160-c4-outer\">\r\n            <div data-colibri-id=\"160-c4\" class=\"d-flex h-flex-basis h-column__inner h-px-lg-2 h-px-md-2 h-px-2 v-inner-lg-2 v-inner-md-2 v-inner-2 style-320 style-local-160-c4 position-relative\">\r\n              <!---->\r\n              <!---->\r\n              <div class=\"w-100 h-y-container h-column__content h-column__v-align flex-basis-100 align-self-lg-start align-self-md-start align-self-start\">\r\n                <!---->\r\n                <div data-colibri-id=\"160-c5\" class=\"h-text h-text-component style-322 style-local-160-c5 position-relative h-element\">\r\n                  <!---->\r\n                  <!---->\r\n                  <div class=\"\">\r\n                    <p>Plantas de Pol\u00edmeros &#8211; Provincia del Chubut.<\/p>\r\n                    <p><span style=\"font-weight: 400; font-size: 16px; font-family: &quot;Open Sans&quot;; color: rgb(105, 108, 119);\">Montaje de 5 plantas de inyecci\u00f3n de Pol\u00edmeros en yacimientos YPF\u2013 Zona CBK\u2013 A\u00f1o 2019\u2013 Construcci\u00f3n de bases civiles\u2013 Montaje de tr\u00e1iler de procesos\u2013 Montaje de Silos\u2013Montaje de pasarelas y escaleras\u2013 Montaje de tanques sumideros soterrados\u2013 Conexionado de tr\u00e1iler y sistema de proceso de inyecci\u00f3n de pol\u00edmeros. incluidas excavaciones, tareas de soldadura, montaje de bandejas de instrumentaci\u00f3n y tendido de cables\u2013 Montaje de cercos perimetrales y columnas de iluminaci\u00f3n\u2013 Montaje de instrumentos de medici\u00f3n\u2013 Tareas de soportar\u00eda, pintura y colocaci\u00f3n de carteles. Recursos usados: Gruas de 75Tn y 45 TN, hidrogr\u00faas, Veh\u00edculos pesados- Equipamiento vial- veh\u00edculos livianos. Personal especializado para has maniobras, cuadrillas de piping, cuadrillas de tareas generales, montadores, cuadrillas civiles- Supervisores multi especialidad, Supervisores de calidad, Supervisores de Seguridad Laboral, Asistentes t\u00e9cnicos<\/span><\/p>\r\n                  <\/div>\r\n                <\/div>\r\n              <\/div>\r\n            <\/div>\r\n          <\/div>\r\n          <div class=\"h-column h-column-container d-flex h-col-lg-auto h-col-md-auto h-col-auto style-321-outer style-local-160-c6-outer\">\r\n            <div data-colibri-id=\"160-c6\" class=\"d-flex h-flex-basis h-column__inner h-px-lg-2 h-px-md-2 h-px-2 v-inner-lg-2 v-inner-md-2 v-inner-2 style-321 style-local-160-c6 position-relative\">\r\n              <!---->\r\n              <!---->\r\n              <div class=\"w-100 h-y-container h-column__content h-column__v-align flex-basis-100 align-self-lg-start align-self-md-start align-self-start\">\r\n                <!---->\r\n                <div data-colibri-id=\"160-c7\" class=\"d-block style-323 style-local-160-c7 position-relative h-element\">\r\n                  <!---->\r\n                  <div class=\"h-image__frame-container-outer\">\r\n                    <div class=\"h-image__frame-container\">\r\n                      <!---->\r\n                      <!---->\r\n                      <img loading=\"lazy\" width=\"438\" height=\"438\" src=\"http:\/\/www.sudamericaenergy.com.ar\/wp-content\/uploads\/2022\/09\/cropped-eor-manantiales-behrjpg.webp\" class=\"wp-image-559 style-323-image style-local-160-c7-image\" srcset=\"https:\/\/www.sudamericaenergy.com.ar\/wp-content\/uploads\/2022\/09\/cropped-eor-manantiales-behrjpg.webp 438w, https:\/\/www.sudamericaenergy.com.ar\/wp-content\/uploads\/2022\/09\/cropped-eor-manantiales-behrjpg-300x300.webp 300w, https:\/\/www.sudamericaenergy.com.ar\/wp-content\/uploads\/2022\/09\/cropped-eor-manantiales-behrjpg-150x150.webp 150w\" sizes=\"(max-width: 438px) 100vw, 438px\" alt=\"\" \/>\r\n                      <div class=\"h-image__frame h-hide-lg h-hide-md h-hide-sm style-323-frameImage style-local-160-c7-frameImage\"><\/div>\r\n                    <\/div>\r\n                  <\/div>\r\n                <\/div>\r\n              <\/div>\r\n            <\/div>\r\n          <\/div>\r\n        <\/div>\r\n      <\/div>\r\n      <div data-colibri-id=\"160-c8\" class=\"h-row-container gutters-row-lg-2 gutters-row-md-2 gutters-row-0 gutters-row-v-lg-2 gutters-row-v-md-2 gutters-row-v-2 style-423 style-local-160-c8 position-relative\">\r\n        <!---->\r\n        <div class=\"h-row justify-content-lg-center justify-content-md-center justify-content-center align-items-lg-stretch align-items-md-stretch align-items-stretch gutters-col-lg-2 gutters-col-md-2 gutters-col-0 gutters-col-v-lg-2 gutters-col-v-md-2 gutters-col-v-2\">\r\n          <!---->\r\n          <div class=\"h-column h-column-container d-flex h-col-lg-auto h-col-md-auto h-col-auto style-424-outer style-local-160-c9-outer\">\r\n            <div data-colibri-id=\"160-c9\" class=\"d-flex h-flex-basis h-column__inner h-px-lg-2 h-px-md-2 h-px-2 v-inner-lg-2 v-inner-md-2 v-inner-2 style-424 style-local-160-c9 position-relative\">\r\n              <!---->\r\n              <!---->\r\n              <div class=\"w-100 h-y-container h-column__content h-column__v-align flex-basis-100 align-self-lg-start align-self-md-start align-self-start\">\r\n                <!---->\r\n                <div data-colibri-id=\"160-c10\" class=\"d-block style-425 style-local-160-c10 position-relative h-element\">\r\n                  <!---->\r\n                  <div class=\"h-image__frame-container-outer\">\r\n                    <div class=\"h-image__frame-container\">\r\n                      <!---->\r\n                      <!---->\r\n                      <img loading=\"lazy\" width=\"720\" height=\"720\" src=\"http:\/\/www.sudamericaenergy.com.ar\/wp-content\/uploads\/2022\/09\/cropped-IMG-20190123-WA0002.jpg\" class=\"wp-image-704 style-425-image style-local-160-c10-image\" srcset=\"https:\/\/www.sudamericaenergy.com.ar\/wp-content\/uploads\/2022\/09\/cropped-IMG-20190123-WA0002.jpg 720w, https:\/\/www.sudamericaenergy.com.ar\/wp-content\/uploads\/2022\/09\/cropped-IMG-20190123-WA0002-300x300.jpg 300w, https:\/\/www.sudamericaenergy.com.ar\/wp-content\/uploads\/2022\/09\/cropped-IMG-20190123-WA0002-150x150.jpg 150w\" sizes=\"(max-width: 720px) 100vw, 720px\" alt=\"\" \/>\r\n                      <div class=\"h-image__frame h-hide-lg h-hide-md h-hide-sm style-425-frameImage style-local-160-c10-frameImage\"><\/div>\r\n                    <\/div>\r\n                  <\/div>\r\n                <\/div>\r\n              <\/div>\r\n            <\/div>\r\n          <\/div>\r\n        <\/div>\r\n      <\/div>\r\n    <\/div>\r\n  <\/div>\r\n<\/div>","protected":false},"excerpt":{"rendered":"<p>Plantas de Pol\u00edmeros &#8211; Provincia del Chubut. Montaje de 5 plantas de inyecci\u00f3n de Pol\u00edmeros en yacimientos YPF\u2013 Zona CBK\u2013 A\u00f1o 2019\u2013 Construcci\u00f3n de bases civiles\u2013 Montaje de tr\u00e1iler de procesos\u2013 Montaje de Silos\u2013Montaje de pasarelas y escaleras\u2013 Montaje de tanques sumideros soterrados\u2013 Conexionado de tr\u00e1iler y sistema de proceso de inyecci\u00f3n de pol\u00edmeros. incluidas [&hellip;]<\/p>\n","protected":false},"author":1,"featured_media":0,"parent":0,"menu_order":0,"comment_status":"closed","ping_status":"closed","template":"page-templates\/full-width-page.php","meta":[],"_links":{"self":[{"href":"https:\/\/www.sudamericaenergy.com.ar\/index.php?rest_route=\/wp\/v2\/pages\/160"}],"collection":[{"href":"https:\/\/www.sudamericaenergy.com.ar\/index.php?rest_route=\/wp\/v2\/pages"}],"about":[{"href":"https:\/\/www.sudamericaenergy.com.ar\/index.php?rest_route=\/wp\/v2\/types\/page"}],"author":[{"embeddable":true,"href":"https:\/\/www.sudamericaenergy.com.ar\/index.php?rest_route=\/wp\/v2\/users\/1"}],"replies":[{"embeddable":true,"href":"https:\/\/www.sudamericaenergy.com.ar\/index.php?rest_route=%2Fwp%2Fv2%2Fcomments&post=160"}],"version-history":[{"count":5,"href":"https:\/\/www.sudamericaenergy.com.ar\/index.php?rest_route=\/wp\/v2\/pages\/160\/revisions"}],"predecessor-version":[{"id":713,"href":"https:\/\/www.sudamericaenergy.com.ar\/index.php?rest_route=\/wp\/v2\/pages\/160\/revisions\/713"}],"wp:attachment":[{"href":"https:\/\/www.sudamericaenergy.com.ar\/index.php?rest_route=%2Fwp%2Fv2%2Fmedia&parent=160"}],"curies":[{"name":"wp","href":"https:\/\/api.w.org\/{rel}","templated":true}]}}