{"id":156,"date":"2022-09-25T16:17:49","date_gmt":"2022-09-25T16:17:49","guid":{"rendered":"http:\/\/www.sudamericaenergy.com.ar\/?page_id=156"},"modified":"2022-09-30T20:06:01","modified_gmt":"2022-09-30T20:06:01","slug":"nosotros","status":"publish","type":"page","link":"https:\/\/www.sudamericaenergy.com.ar\/?page_id=156","title":{"rendered":"NOSOTROS"},"content":{"rendered":"<div data-colibri-id=\"156-c1\" class=\"style-270 style-local-156-c1 position-relative\">\n  <!---->\n  <div data-colibri-component=\"section\" data-colibri-id=\"156-c2\" id=\"about\" class=\"h-section h-section-global-spacing d-flex align-items-lg-center align-items-md-center align-items-center style-364 style-local-156-c2 position-relative\">\n    <!---->\n    <!---->\n    <div class=\"h-section-grid-container h-section-boxed-container\">\n      <!---->\n      <div data-colibri-id=\"156-c3\" class=\"h-row-container gutters-row-lg-2 gutters-row-md-2 gutters-row-2 gutters-row-v-lg-2 gutters-row-v-md-2 gutters-row-v-2 style-365 style-local-156-c3 position-relative\">\n        <!---->\n        <div class=\"h-row justify-content-lg-center justify-content-md-center justify-content-center align-items-lg-stretch align-items-md-stretch align-items-stretch gutters-col-lg-2 gutters-col-md-2 gutters-col-2 gutters-col-v-lg-2 gutters-col-v-md-2 gutters-col-v-2\">\n          <!---->\n          <div class=\"h-column h-column-container d-flex h-col-lg-auto h-col-md-auto h-col-auto style-366-outer style-local-156-c4-outer\">\n            <div data-colibri-id=\"156-c4\" class=\"d-flex h-flex-basis h-column__inner h-px-lg-2 h-px-md-2 h-px-2 v-inner-lg-2 v-inner-md-2 v-inner-2 style-366 style-local-156-c4 position-relative\">\n              <!---->\n              <!---->\n              <div class=\"w-100 h-y-container h-column__content h-column__v-align flex-basis-100 align-self-lg-center align-self-md-center align-self-center\">\n                <!---->\n                <div data-colibri-id=\"156-c5\" class=\"h-global-transition-all h-heading style-368 style-local-156-c5 position-relative h-element\">\n                  <!---->\n                  <div class=\"h-heading__outer style-368 style-local-156-c5\">\n                    <!---->\n                    <!---->\n                    <h3 class=\"\">ACERCA DE NOSOTROS<\/h3>\n                  <\/div>\n                <\/div>\n                <div data-colibri-id=\"156-c6\" class=\"h-lead h-text h-text-component style-369 style-local-156-c6 position-relative h-element\">\n                  <!---->\n                  <!---->\n                  <div class=\"\">\n                    <p><span style=\"color: rgb(105, 108, 119); font-family: &quot;Open Sans&quot;; font-size: 16px; font-weight: 400;\">La variedad de servicios brindados por SAE Argentina ha generado un antecedente de obras y servicios de destacada calidad y especializaci\u00f3n. Los resultados obtenidos en nuestras operaciones son eh motor del crecimiento de la compa\u00f1\u00eda.<br> Por eso, en funci\u00f3n de obtener eh m\u00e1ximo rendimiento de su inversi\u00f3n en operaciones de petr\u00f3leo, gas y miner\u00eda, SAE Argentina ofrece un amplio abanico de soluciones asegurando eh \u00e9xito y ha confiabilidad del cliente en has operaciones referidas.<br> SAE Argentina es una empresa dedicada a la ejecuci\u00f3n de proyectos de ingenier\u00eda de alta complejidad, construcci\u00f3n, montaje y puesta en marcha, principalmente en las \u00e1reas de Energ\u00eda. Oil &amp; Gas y construcci\u00f3n en general. <br>Desde hace 15 a\u00f1os hemos brindado servicios integrales en eh pa\u00eds, manteniendo un constante desarrollo t\u00e9cnico y empresarial en eh sector energ\u00e9tico e hidrocarbur\u00edfero. <br>En la actualidad SAE Argentina se ha reconvertido y se consolida como una empresa argentina, arraigada en la Patagonia, reconocida en eh mercado por su capacidad para ejecutar proyectos con un alta exigencia t\u00e9cnica y operativa.&nbsp;<\/span><\/p>\n                  <\/div>\n                <\/div>\n              <\/div>\n            <\/div>\n          <\/div>\n          <div class=\"h-column h-column-container d-flex h-col-lg-auto h-col-md-auto h-col-auto style-372-outer style-local-156-c7-outer\">\n            <div data-colibri-id=\"156-c7\" class=\"d-flex h-flex-basis h-column__inner h-px-lg-2 h-px-md-2 h-px-2 v-inner-lg-2 v-inner-md-2 v-inner-2 style-372 style-local-156-c7 position-relative\">\n              <!---->\n              <!---->\n              <div class=\"w-100 h-y-container h-column__content h-column__v-align flex-basis-100 align-self-lg-center align-self-md-center align-self-center\">\n                <!---->\n                <div data-colibri-id=\"156-c8\" class=\"d-block style-373 style-local-156-c8 position-relative h-element\">\n                  <!---->\n                  <div class=\"h-image__frame-container-outer\">\n                    <div class=\"h-image__frame-container\">\n                      <!---->\n                      <!---->\n                      <img loading=\"lazy\" width=\"448\" height=\"448\" src=\"http:\/\/www.sudamericaenergy.com.ar\/wp-content\/uploads\/2022\/09\/cropped-Colaboradores.webp\" class=\"wp-image-943 style-373-image style-local-156-c8-image\" srcset=\"https:\/\/www.sudamericaenergy.com.ar\/wp-content\/uploads\/2022\/09\/cropped-Colaboradores.webp 448w, https:\/\/www.sudamericaenergy.com.ar\/wp-content\/uploads\/2022\/09\/cropped-Colaboradores-300x300.webp 300w, https:\/\/www.sudamericaenergy.com.ar\/wp-content\/uploads\/2022\/09\/cropped-Colaboradores-150x150.webp 150w\" sizes=\"(max-width: 448px) 100vw, 448px\" alt=\"\" \/>\n                      <div class=\"h-image__frame h-hide-sm style-373-frameImage style-local-156-c8-frameImage\"><\/div>\n                    <\/div>\n                  <\/div>\n                <\/div>\n              <\/div>\n            <\/div>\n          <\/div>\n        <\/div>\n      <\/div>\n    <\/div>\n  <\/div>\n<\/div>","protected":false},"excerpt":{"rendered":"<p>ACERCA DE NOSOTROS La variedad de servicios brindados por SAE Argentina ha generado un antecedente de obras y servicios de destacada calidad y especializaci\u00f3n. Los resultados obtenidos en nuestras operaciones son eh motor del crecimiento de la compa\u00f1\u00eda. Por eso, en funci\u00f3n de obtener eh m\u00e1ximo rendimiento de su inversi\u00f3n en operaciones de petr\u00f3leo, gas [&hellip;]<\/p>\n","protected":false},"author":1,"featured_media":0,"parent":0,"menu_order":0,"comment_status":"closed","ping_status":"closed","template":"page-templates\/full-width-page.php","meta":[],"_links":{"self":[{"href":"https:\/\/www.sudamericaenergy.com.ar\/index.php?rest_route=\/wp\/v2\/pages\/156"}],"collection":[{"href":"https:\/\/www.sudamericaenergy.com.ar\/index.php?rest_route=\/wp\/v2\/pages"}],"about":[{"href":"https:\/\/www.sudamericaenergy.com.ar\/index.php?rest_route=\/wp\/v2\/types\/page"}],"author":[{"embeddable":true,"href":"https:\/\/www.sudamericaenergy.com.ar\/index.php?rest_route=\/wp\/v2\/users\/1"}],"replies":[{"embeddable":true,"href":"https:\/\/www.sudamericaenergy.com.ar\/index.php?rest_route=%2Fwp%2Fv2%2Fcomments&post=156"}],"version-history":[{"count":6,"href":"https:\/\/www.sudamericaenergy.com.ar\/index.php?rest_route=\/wp\/v2\/pages\/156\/revisions"}],"predecessor-version":[{"id":982,"href":"https:\/\/www.sudamericaenergy.com.ar\/index.php?rest_route=\/wp\/v2\/pages\/156\/revisions\/982"}],"wp:attachment":[{"href":"https:\/\/www.sudamericaenergy.com.ar\/index.php?rest_route=%2Fwp%2Fv2%2Fmedia&parent=156"}],"curies":[{"name":"wp","href":"https:\/\/api.w.org\/{rel}","templated":true}]}}