{"id":150,"date":"2022-09-25T16:16:16","date_gmt":"2022-09-25T16:16:16","guid":{"rendered":"http:\/\/www.sudamericaenergy.com.ar\/?page_id=150"},"modified":"2022-09-27T13:33:06","modified_gmt":"2022-09-27T13:33:06","slug":"mision-vision-valor","status":"publish","type":"page","link":"https:\/\/www.sudamericaenergy.com.ar\/?page_id=150","title":{"rendered":"MISI\u00d3N-VISI\u00d3N-VALOR"},"content":{"rendered":"<div data-colibri-id=\"150-c1\" class=\"style-336 style-local-150-c1 position-relative\">\n  <!---->\n  <div data-colibri-component=\"section\" data-colibri-id=\"150-c2\" id=\"overlappable\" class=\"h-section h-section-global-spacing d-flex align-items-lg-center align-items-md-center align-items-center style-344 style-local-150-c2 position-relative\">\n    <!---->\n    <!---->\n    <div class=\"h-section-grid-container h-section-boxed-container\">\n      <!---->\n      <div data-colibri-id=\"150-c3\" class=\"h-row-container gutters-row-lg-2 gutters-row-md-0 gutters-row-2 gutters-row-v-lg-2 gutters-row-v-md-0 gutters-row-v-2 style-345 style-local-150-c3 position-relative\">\n        <!---->\n        <div class=\"h-row justify-content-lg-center justify-content-md-center justify-content-center align-items-lg-stretch align-items-md-stretch align-items-stretch gutters-col-lg-2 gutters-col-md-0 gutters-col-2 gutters-col-v-lg-2 gutters-col-v-md-0 gutters-col-v-2\">\n          <!---->\n          <div class=\"h-column h-column-container d-flex h-col-lg-4 h-col-md-4 h-col-12 style-346-outer style-local-150-c4-outer\">\n            <div data-colibri-id=\"150-c4\" class=\"d-flex h-flex-basis h-column__inner h-px-lg-2 h-px-md-3 h-px-2 v-inner-lg-0 v-inner-md-3 v-inner-2 style-346 style-local-150-c4 position-relative\">\n              <!---->\n              <!---->\n              <div class=\"w-100 h-y-container h-column__content h-column__v-align flex-basis-100 align-self-lg-start align-self-md-start align-self-start\">\n                <!---->\n                <div data-colibri-id=\"150-c5\" class=\"h-icon style-347 style-local-150-c5 position-relative h-element\">\n                  <!----><span class=\"h-svg-icon h-icon__icon style-347-icon style-local-150-c5-icon\"><!--Icon by Font Awesome (https:\/\/fontawesome.com)-->\n    <svg version=\"1.1\" xmlns=\"http:\/\/www.w3.org\/2000\/svg\" xmlns:xlink=\"http:\/\/www.w3.org\/1999\/xlink\" id=\"th-large\" viewBox=\"0 0 1664 1896.0833\">\n      <path d=\"M768 1024v384q0 52-38 90t-90 38H128q-52 0-90-38t-38-90v-384q0-52 38-90t90-38h512q52 0 90 38t38 90zm0-768v384q0 52-38 90t-90 38H128q-52 0-90-38T0 640V256q0-52 38-90t90-38h512q52 0 90 38t38 90zm896 768v384q0 52-38 90t-90 38h-512q-52 0-90-38t-38-90v-384q0-52 38-90t90-38h512q52 0 90 38t38 90zm0-768v384q0 52-38 90t-90 38h-512q-52 0-90-38t-38-90V256q0-52 38-90t90-38h512q52 0 90 38t38 90z\"><\/path>\n    <\/svg><\/span><\/div>\n                <div data-colibri-id=\"150-c6\" class=\"h-global-transition-all h-heading style-348 style-local-150-c6 position-relative h-element\">\n                  <!---->\n                  <div class=\"h-heading__outer style-348 style-local-150-c6\">\n                    <!---->\n                    <!---->\n                    <h5 class=\"\">MISI\u00d3N<\/h5>\n                  <\/div>\n                <\/div>\n                <div data-colibri-id=\"150-c7\" class=\"h-text h-text-component style-349 style-local-150-c7 position-relative h-element\">\n                  <!---->\n                  <!---->\n                  <div class=\"\">\n                    <p><strong style=\"font-size: 16px; font-family: &quot;Open Sans&quot;; color: rgb(105, 108, 119);\">As<\/strong><strong style=\"font-family: &quot;Open Sans&quot;; color: rgb(105, 108, 119); font-size: 1rem;\">egurar&nbsp;la m\u00e1xima&nbsp;<\/strong>\n                      <strong\n                        style=\"font-size: 16px; font-family: &quot;Open Sans&quot;; color: rgb(105, 108, 119);\">e\ufb01ciencia en la utilizaci\u00f3n de los recursos y la satisfacci\u00f3n de nuestros clientes<\/strong>.<\/p>\n                  <\/div>\n                <\/div>\n              <\/div>\n            <\/div>\n          <\/div>\n          <div class=\"h-column h-column-container d-flex h-col-lg-4 h-col-md-4 h-col-12 style-346-outer style-local-150-c8-outer\">\n            <div data-colibri-id=\"150-c8\" class=\"d-flex h-flex-basis h-column__inner h-px-lg-2 h-px-md-3 h-px-2 v-inner-lg-0 v-inner-md-3 v-inner-2 style-346 style-local-150-c8 position-relative\">\n              <!---->\n              <!---->\n              <div class=\"w-100 h-y-container h-column__content h-column__v-align flex-basis-100 align-self-lg-start align-self-md-start align-self-start\">\n                <!---->\n                <div data-colibri-id=\"150-c9\" class=\"h-icon style-347 style-local-150-c9 position-relative h-element\">\n                  <!----><span class=\"h-svg-icon h-icon__icon style-347-icon style-local-150-c9-icon\"><!--Icon by Font Awesome (https:\/\/fontawesome.com)-->\n    <svg version=\"1.1\" xmlns=\"http:\/\/www.w3.org\/2000\/svg\" xmlns:xlink=\"http:\/\/www.w3.org\/1999\/xlink\" id=\"eye\" viewBox=\"0 0 1792 1896.0833\">\n      <path d=\"M1664 960q-152-236-381-353 61 104 61 225 0 185-131.5 316.5T896 1280t-316.5-131.5T448 832q0-121 61-225-229 117-381 353 133 205 333.5 326.5T896 1408t434.5-121.5T1664 960zM944 576q0-20-14-34t-34-14q-125 0-214.5 89.5T592 832q0 20 14 34t34 14 34-14 14-34q0-86 61-147t147-61q20 0 34-14t14-34zm848 384q0 34-20 69-140 230-376.5 368.5T896 1536t-499.5-139T20 1029Q0 994 0 960t20-69q140-229 376.5-368T896 384t499.5 139T1772 891q20 35 20 69z\"><\/path>\n    <\/svg><\/span><\/div>\n                <div data-colibri-id=\"150-c10\" class=\"h-global-transition-all h-heading style-348 style-local-150-c10 position-relative h-element\">\n                  <!---->\n                  <div class=\"h-heading__outer style-348 style-local-150-c10\">\n                    <!---->\n                    <!---->\n                    <h5 class=\"\">VISI\u00d3N<\/h5>\n                  <\/div>\n                <\/div>\n                <div data-colibri-id=\"150-c11\" class=\"h-text h-text-component style-349 style-local-150-c11 position-relative h-element\">\n                  <!---->\n                  <!---->\n                  <div class=\"\">\n                    <p><strong style=\"font-size: 16px; font-family: &quot;Open Sans&quot;; color: rgb(105, 108, 119);\">Ser referentes en ingenier\u00eda, construcci\u00f3n y prestaci\u00f3n de servicios de alta complejidad y calidad en la industria<\/strong>.<\/p>\n                  <\/div>\n                <\/div>\n              <\/div>\n            <\/div>\n          <\/div>\n          <div class=\"h-column h-column-container d-flex h-col-lg-4 h-col-md-4 h-col-12 style-346-outer style-local-150-c12-outer\">\n            <div data-colibri-id=\"150-c12\" class=\"d-flex h-flex-basis h-column__inner h-px-lg-2 h-px-md-3 h-px-2 v-inner-lg-0 v-inner-md-3 v-inner-2 style-346 style-local-150-c12 position-relative\">\n              <!---->\n              <!---->\n              <div class=\"w-100 h-y-container h-column__content h-column__v-align flex-basis-100 align-self-lg-start align-self-md-start align-self-start\">\n                <!---->\n                <div data-colibri-id=\"150-c13\" class=\"h-icon style-347 style-local-150-c13 position-relative h-element\">\n                  <!----><span class=\"h-svg-icon h-icon__icon style-347-icon style-local-150-c13-icon\"><!--Icon by Font Awesome (https:\/\/fontawesome.com)-->\n    <svg version=\"1.1\" xmlns=\"http:\/\/www.w3.org\/2000\/svg\" xmlns:xlink=\"http:\/\/www.w3.org\/1999\/xlink\" id=\"signal\" viewBox=\"0 0 1792 1896.0833\">\n      <path d=\"M256 1440v192q0 14-9 23t-23 9H32q-14 0-23-9t-9-23v-192q0-14 9-23t23-9h192q14 0 23 9t9 23zm384-128v320q0 14-9 23t-23 9H416q-14 0-23-9t-9-23v-320q0-14 9-23t23-9h192q14 0 23 9t9 23zm384-256v576q0 14-9 23t-23 9H800q-14 0-23-9t-9-23v-576q0-14 9-23t23-9h192q14 0 23 9t9 23zm384-384v960q0 14-9 23t-23 9h-192q-14 0-23-9t-9-23V672q0-14 9-23t23-9h192q14 0 23 9t9 23zm384-512v1472q0 14-9 23t-23 9h-192q-14 0-23-9t-9-23V160q0-14 9-23t23-9h192q14 0 23 9t9 23z\"><\/path>\n    <\/svg><\/span><\/div>\n                <div data-colibri-id=\"150-c14\" class=\"h-global-transition-all h-heading style-348 style-local-150-c14 position-relative h-element\">\n                  <!---->\n                  <div class=\"h-heading__outer style-348 style-local-150-c14\">\n                    <!---->\n                    <!---->\n                    <h5 class=\"\">VALOR<\/h5>\n                  <\/div>\n                <\/div>\n                <div data-colibri-id=\"150-c15\" class=\"h-text h-text-component style-349 style-local-150-c15 position-relative h-element\">\n                  <!---->\n                  <!---->\n                  <div class=\"\">\n                    <p><strong style=\"font-size: 16px; font-family: &quot;Open Sans&quot;; color: rgb(105, 108, 119);\">Compromiso, trabajo en equipo, calidad, contabilidad, experiencia y \ufb02exibilidad<\/strong><\/p>\n                  <\/div>\n                <\/div>\n              <\/div>\n            <\/div>\n          <\/div>\n        <\/div>\n      <\/div>\n    <\/div>\n  <\/div>\n<\/div>","protected":false},"excerpt":{"rendered":"<p>MISI\u00d3N Asegurar&nbsp;la m\u00e1xima&nbsp; e\ufb01ciencia en la utilizaci\u00f3n de los recursos y la satisfacci\u00f3n de nuestros clientes. VISI\u00d3N Ser referentes en ingenier\u00eda, construcci\u00f3n y prestaci\u00f3n de servicios de alta complejidad y calidad en la industria. VALOR Compromiso, trabajo en equipo, calidad, contabilidad, experiencia y \ufb02exibilidad<\/p>\n","protected":false},"author":1,"featured_media":0,"parent":0,"menu_order":0,"comment_status":"closed","ping_status":"closed","template":"page-templates\/full-width-page.php","meta":[],"_links":{"self":[{"href":"https:\/\/www.sudamericaenergy.com.ar\/index.php?rest_route=\/wp\/v2\/pages\/150"}],"collection":[{"href":"https:\/\/www.sudamericaenergy.com.ar\/index.php?rest_route=\/wp\/v2\/pages"}],"about":[{"href":"https:\/\/www.sudamericaenergy.com.ar\/index.php?rest_route=\/wp\/v2\/types\/page"}],"author":[{"embeddable":true,"href":"https:\/\/www.sudamericaenergy.com.ar\/index.php?rest_route=\/wp\/v2\/users\/1"}],"replies":[{"embeddable":true,"href":"https:\/\/www.sudamericaenergy.com.ar\/index.php?rest_route=%2Fwp%2Fv2%2Fcomments&post=150"}],"version-history":[{"count":3,"href":"https:\/\/www.sudamericaenergy.com.ar\/index.php?rest_route=\/wp\/v2\/pages\/150\/revisions"}],"predecessor-version":[{"id":933,"href":"https:\/\/www.sudamericaenergy.com.ar\/index.php?rest_route=\/wp\/v2\/pages\/150\/revisions\/933"}],"wp:attachment":[{"href":"https:\/\/www.sudamericaenergy.com.ar\/index.php?rest_route=%2Fwp%2Fv2%2Fmedia&parent=150"}],"curies":[{"name":"wp","href":"https:\/\/api.w.org\/{rel}","templated":true}]}}